{"id":93,"date":"2023-03-09T12:54:22","date_gmt":"2023-03-09T12:54:22","guid":{"rendered":"https:\/\/tecnologia.vamtam.com\/?page_id=93"},"modified":"2026-04-14T18:28:46","modified_gmt":"2026-04-14T18:28:46","slug":"noticias","status":"publish","type":"page","link":"https:\/\/stategridargentina.com\/web\/noticias\/","title":{"rendered":"Noticias"},"content":{"rendered":"\t\t<div data-elementor-type=\"wp-page\" data-elementor-id=\"93\" class=\"elementor elementor-93\">\n\t\t\t\t\t\t<section class=\"elementor-section elementor-top-section elementor-element elementor-element-46b242f elementor-section-boxed elementor-section-height-default elementor-section-height-default\" data-id=\"46b242f\" data-element_type=\"section\" data-e-type=\"section\">\n\t\t\t\t\t\t<div class=\"elementor-container elementor-column-gap-default\">\n\t\t\t\t\t<div class=\"elementor-column elementor-col-100 elementor-top-column elementor-element elementor-element-d8eccda\" data-id=\"d8eccda\" data-element_type=\"column\" data-e-type=\"column\">\n\t\t\t<div class=\"elementor-widget-wrap elementor-element-populated\">\n\t\t\t\t\t\t<div class=\"elementor-element elementor-element-ed7d10e animated-slow elementor-invisible elementor-widget elementor-widget-heading\" data-id=\"ed7d10e\" data-element_type=\"widget\" data-e-type=\"widget\" data-settings=\"{&quot;_animation&quot;:&quot;fadeIn&quot;,&quot;_animation_tablet&quot;:&quot;none&quot;}\" data-widget_type=\"heading.default\">\n\t\t\t\t<div class=\"elementor-widget-container\">\n\t\t\t\t\t<h1 class=\"elementor-heading-title elementor-size-default\">El Blog de STATE GRID ARGENTINA<\/h1>\t\t\t\t<\/div>\n\t\t\t\t<\/div>\n\t\t\t\t<div class=\"elementor-element elementor-element-d56525c animated-slow elementor-invisible elementor-widget elementor-widget-heading\" data-id=\"d56525c\" data-element_type=\"widget\" data-e-type=\"widget\" data-settings=\"{&quot;_animation&quot;:&quot;fadeIn&quot;,&quot;_animation_tablet&quot;:&quot;none&quot;,&quot;_animation_delay&quot;:300}\" data-widget_type=\"heading.default\">\n\t\t\t\t<div class=\"elementor-widget-container\">\n\t\t\t\t\t<p class=\"elementor-heading-title elementor-size-default\">Nuestro blog oficial con novedades, consejos sobre la industria alimentaria y la cultura empresarial, enfocado en la producci\u00f3n y distribuci\u00f3n de alimentos para el mercado mayorista.<\/p>\t\t\t\t<\/div>\n\t\t\t\t<\/div>\n\t\t\t\t<div class=\"elementor-element elementor-element-5940b8c elementor-widget elementor-widget-spacer\" data-id=\"5940b8c\" data-element_type=\"widget\" data-e-type=\"widget\" data-widget_type=\"spacer.default\">\n\t\t\t\t<div class=\"elementor-widget-container\">\n\t\t\t\t\t\t\t<div class=\"elementor-spacer\">\n\t\t\t<div class=\"elementor-spacer-inner\"><\/div>\n\t\t<\/div>\n\t\t\t\t\t\t<\/div>\n\t\t\t\t<\/div>\n\t\t\t\t\t<\/div>\n\t\t<\/div>\n\t\t\t\t\t<\/div>\n\t\t<\/section>\n\t\t\t\t<section class=\"elementor-section elementor-top-section elementor-element elementor-element-bc802db elementor-section-boxed elementor-section-height-default elementor-section-height-default\" data-id=\"bc802db\" data-element_type=\"section\" data-e-type=\"section\">\n\t\t\t\t\t\t<div class=\"elementor-container elementor-column-gap-default\">\n\t\t\t\t\t<div class=\"elementor-column elementor-col-100 elementor-top-column elementor-element elementor-element-9401803\" data-id=\"9401803\" data-element_type=\"column\" data-e-type=\"column\">\n\t\t\t<div class=\"elementor-widget-wrap elementor-element-populated\">\n\t\t\t\t\t\t<div class=\"elementor-element elementor-element-ba00748 elementor-widget elementor-widget-html\" data-id=\"ba00748\" data-element_type=\"widget\" data-e-type=\"widget\" data-widget_type=\"html.default\">\n\t\t\t\t<div class=\"elementor-widget-container\">\n\t\t\t\t\t<style>\n.noticias-grid {\n  display: grid;\n  grid-template-columns: repeat(3, 1fr);\n  gap: 30px;\n}\n\n\/* Card *\/\n.noticia-inner {\n  background: #fff;\n  border: 2px solid #28644c;\n  border-radius: 16px;\n  padding: 22px;\n  height: 100%;\n  text-align: center;\n  box-shadow: 0 10px 25px rgba(0,0,0,0.08);\n  transition: transform 0.3s ease, box-shadow 0.3s ease;\n}\n\n.noticia-inner:hover {\n  transform: translateY(-6px);\n  box-shadow: 0 18px 35px rgba(0,0,0,0.15);\n}\n\n.noticia-inner img {\n  width: 100%;\n  height: auto;\n  border-radius: 12px;\n  margin-bottom: 15px;\n}\n\n.noticia-inner h3 {\n  font-size: 17px;\n  font-weight: 700;\n  margin: 12px 0;\n  color: #222;\n}\n\n.noticia-inner p {\n  font-size: 14px;\n  color: #555;\n  line-height: 1.6;\n}\n\n\/* Bot\u00f3n blindado *\/\n.noticia-inner a,\n.noticia-inner a:visited {\n  display: inline-block;\n  margin-top: 20px;\n  padding: 12px 30px;\n  background-color: #28644c;\n  color: #ffffff;\n  text-decoration: none;\n  font-weight: bold;\n  border-radius: 30px;\n  transition: background-color 0.3s ease, transform 0.3s ease;\n}\n\n.noticia-inner a:hover,\n.noticia-inner a:active,\n.noticia-inner a:focus {\n  background-color: #1f4f3c;\n  color: #ffffff;\n  text-decoration: none;\n  transform: scale(1.05);\n}\n\n\/* Responsive *\/\n@media (max-width: 1024px) {\n  .noticias-grid {\n    grid-template-columns: repeat(2, 1fr);\n  }\n}\n\n@media (max-width: 768px) {\n  .noticias-grid {\n    grid-template-columns: 1fr;\n  }\n}\n<\/style>\n\n<div class=\"noticias-grid\">\n\n        <!-- 9 (m\u00e1s reciente) -->\n    <div class=\"noticia-card\"><div class=\"noticia-inner\">\n      <img src=https:\/\/stategridargentina.com\/web\/wp-content\/uploads\/2026\/04\/1-1.jpg\">\n      <h3>La Importancia de la Leche en los Primeros A\u00f1os de Vida<\/h3>\n      <p>Descubr\u00ed por qu\u00e9 la leche es clave en los primeros a\u00f1os de vida y c\u00f3mo contribuye al desarrollo f\u00edsico y cognitivo de los ni\u00f1os.<\/p>\n      <a href=\"https:\/\/stategridargentina.com\/web\/leche-en-los-primeros-anos-de-vida\/\">Leer M\u00e1s<\/a>\n    <\/div><\/div>\n\n\n        <!-- 9 (m\u00e1s reciente) -->\n    <div class=\"noticia-card\"><div class=\"noticia-inner\">\n      <img src=https:\/\/stategridargentina.com\/web\/wp-content\/uploads\/2026\/04\/2.jpg\">\n      <h3>\u00bfPor Qu\u00e9 Elegir una Leche Fortificada con Vitaminas A y D?<\/h3>\n      <p>Conoc\u00e9 los beneficios de la leche fortificada con vitaminas A y D y c\u00f3mo mejora la salud \u00f3sea, visual e inmunol\u00f3gica.<\/p>\n      <a href=\"https:\/\/stategridargentina.com\/web\/leche-fortificada-con-vitaminas-a-y-d\/\">Leer M\u00e1s<\/a>\n    <\/div><\/div>\n\n        <!-- 9 (m\u00e1s reciente) -->\n    <div class=\"noticia-card\"><div class=\"noticia-inner\">\n      <img src=https:\/\/stategridargentina.com\/web\/wp-content\/uploads\/2026\/04\/1-2.jpg\">\n      <h3>Leche sin TACC: Seguridad y Nutrici\u00f3n para una Alimentaci\u00f3n Confiable<\/h3>\n      <p>Descubr\u00ed los beneficios de la leche sin TACC y por qu\u00e9 es una opci\u00f3n segura y nutritiva para personas cel\u00edacas y alimentaci\u00f3n institucional.<\/p>\n      <a href=\"https:\/\/stategridargentina.com\/web\/leche-sin-tacc\/\">Leer M\u00e1s<\/a>\n    <\/div><\/div>\n   \n     <!-- 9 (m\u00e1s reciente) -->\n    <div class=\"noticia-card\"><div class=\"noticia-inner\">\n      <img src=https:\/\/stategridargentina.com\/web\/wp-content\/uploads\/2026\/04\/1-3.jpg\">\n      <h3>La Leche como Aliada en el Rendimiento Escolar<\/h3>\n      <p>Conoc\u00e9 c\u00f3mo el consumo de leche influye en el rendimiento escolar, mejorando la energ\u00eda, concentraci\u00f3n y aprendizaje en estudiantes.<\/p>\n      <a href=\"https:\/\/stategridargentina.com\/web\/leche-y-rendimiento-escolar\/\">Leer M\u00e1s<\/a>\n    <\/div><\/div>\n    \n\n\n <!-- 9 (m\u00e1s reciente) -->\n    <div class=\"noticia-card\"><div class=\"noticia-inner\">\n      <img src=https:\/\/stategridargentina.com\/web\/wp-content\/uploads\/2026\/03\/q3.jpg\">\n      <h3>La importancia de un desayuno con leche para comenzar el d\u00eda con energ\u00eda<\/h3>\n      <p>Despu\u00e9s de varias horas de ayuno durante la noche, el organismo necesita energ\u00eda y nutrientes para comenzar la jornada con vitalidad. <\/p>\n      <a href=\"https:\/\/stategridargentina.com\/web\/desayuno-con-leche\/\">Leer M\u00e1s<\/a>\n    <\/div><\/div>\n\n    <!-- 9 (m\u00e1s reciente) -->\n    <div class=\"noticia-card\"><div class=\"noticia-inner\">\n      <img src=https:\/\/stategridargentina.com\/web\/wp-content\/uploads\/2026\/03\/q2.jpg\">\n      <h3>Bajar costo de producci\u00f3n en helader\u00edas: c\u00f3mo optimizar<\/h3>\n      <p>Para las helader\u00edas artesanales y f\u00e1bricas de helado, uno de los mayores desaf\u00edos actuales es bajar el costo de producci\u00f3n sin afectar la calidad <\/p>\n      <a href=\"https:\/\/stategridargentina.com\/web\/bajar-costo-de-produccion-en-heladerias-2\/\">Leer M\u00e1s<\/a>\n    <\/div><\/div>\n\n    <!-- 9 (m\u00e1s reciente) -->\n    <div class=\"noticia-card\"><div class=\"noticia-inner\">\n      <img src=https:\/\/stategridargentina.com\/web\/wp-content\/uploads\/2026\/03\/q1.jpg\">\n      <h3>La leche en polvo volvi\u00f3: por qu\u00e9 cada vez m\u00e1s hogares la eligen para cocinar<\/h3>\n      <p>Cada vez m\u00e1s hogares la incorporan nuevamente en su cocina diaria gracias a sus ventajas pr\u00e1cticas: mayor duraci\u00f3n, mejor organizaci\u00f3n de las compras.<\/p>\n      <a href=\"https:\/\/stategridargentina.com\/web\/leche-en-polvo-para-cocinar\/\/\">Leer M\u00e1s<\/a>\n    <\/div><\/div>\n\n  <!-- 9 (m\u00e1s reciente) -->\n  <div class=\"noticia-inner\">\n    <img decoding=\"async\" src=\"https:\/\/stategridargentina.com\/web\/wp-content\/uploads\/2026\/02\/f3.jpg\">\n    <h3>El furor de la leche en polvo en la cocina: recetas y postres<\/h3>\n    <p>La versatilidad de la leche en polvo permite utilizarla en m\u00faltiples preparaciones, convirti\u00e9ndola en un ingrediente clave.<\/p>\n    <a href=\"https:\/\/stategridargentina.com\/web\/recetas-con-leche-en-polvo\/\">Leer M\u00e1s<\/a>\n  <\/div>\n\n  <!-- 8 -->\n  <div class=\"noticia-inner\">\n    <img decoding=\"async\" src=\"https:\/\/stategridargentina.com\/web\/wp-content\/uploads\/2026\/02\/f2.jpg\">\n    <h3>LecheVit: la leche en polvo ideal para compras institucionales<\/h3>\n    <p>LecheVit se posiciona como una leche en polvo desarrollada para rendir m\u00e1s, con precios especiales.<\/p>\n    <a href=\"https:\/\/stategridargentina.com\/web\/leche-en-polvo-para-compras-institucionales\/\">Leer M\u00e1s<\/a>\n  <\/div>\n\n  <!-- 7 -->\n  <div class=\"noticia-inner\">\n    <img decoding=\"async\" src=\"https:\/\/stategridargentina.com\/web\/wp-content\/uploads\/2026\/02\/f1.jpg\">\n    <h3>LecheVit, la leche en polvo m\u00e1s elegida por mayoristas<\/h3>\n    <p>Su combinaci\u00f3n de alto rendimiento, f\u00f3rmula mejorada y precios competitivos la convierten en una opci\u00f3n estrat\u00e9gica.<\/p>\n    <a href=\"https:\/\/stategridargentina.com\/web\/leche-en-polvo-para-mayoristas\/\">Leer M\u00e1s<\/a>\n  <\/div>\n\n  <!-- 6 -->\n  <div class=\"noticia-inner\">\n    <img decoding=\"async\" src=\"https:\/\/stategridargentina.com\/web\/wp-content\/uploads\/2026\/01\/DF.jpg\">\n    <h3>Leche en polvo rendidora: f\u00f3rmula mejorada que cuida tu bolsillo<\/h3>\n    <p>Pensada para ahorrar sin resignar calidad, esta leche en polvo se consolida como una opci\u00f3n inteligente.<\/p>\n    <a href=\"https:\/\/stategridargentina.com\/web\/leche-en-polvo-rendidora\/\">Leer M\u00e1s<\/a>\n  <\/div>\n\n  <!-- 5 -->\n  <div class=\"noticia-inner\">\n    <img decoding=\"async\" src=\"https:\/\/stategridargentina.com\/web\/wp-content\/uploads\/2026\/01\/asw.jpg\">\n    <h3>Bajar costo de producci\u00f3n en helader\u00edas: LecheVit ayuda a ahorrar<\/h3>\n    <p>La leche en polvo es uno de los componentes clave en la elaboraci\u00f3n de helados.<\/p>\n    <a href=\"https:\/\/stategridargentina.com\/web\/bajar-costo-de-produccion-en-heladerias\/\">Leer M\u00e1s<\/a>\n  <\/div>\n\n  <!-- 4 -->\n  <div class=\"noticia-inner\">\n    <img decoding=\"async\" src=\"https:\/\/stategridargentina.com\/web\/wp-content\/uploads\/2026\/01\/a1.jpg\">\n    <h3>LecheVit: la leche en polvo m\u00e1s elegida por municipios y comedores del pa\u00eds<\/h3>\n    <p>Una de las opciones m\u00e1s confiables para programas de asistencia alimentaria.<\/p>\n    <a href=\"https:\/\/stategridargentina.com\/web\/la-leche-en-polvo-mas-elegida\/\">Leer M\u00e1s<\/a>\n  <\/div>\n\n  <!-- 3 -->\n  <div class=\"noticia-inner\">\n    <img decoding=\"async\" src=\"https:\/\/stategridargentina.com\/web\/wp-content\/uploads\/2024\/10\/n3.jpg\">\n    <h3>Innovaciones en la Producci\u00f3n de Leche en Polvo<\/h3>\n    <p>Exploramos algunas de las innovaciones m\u00e1s destacadas en su producci\u00f3n.<\/p>\n    <a href=\"https:\/\/stategridargentina.com\/web\/innovaciones-en-la-produccion-de-leche-en-polvo-mejora-de-nutrientes-y-sabor\/\">Leer M\u00e1s<\/a>\n  <\/div>\n\n  <!-- 2 -->\n  <div class=\"noticia-inner\">\n    <img decoding=\"async\" src=\"https:\/\/stategridargentina.com\/web\/wp-content\/uploads\/2024\/10\/n2.jpg\">\n    <h3>C\u00f3mo la Leche en Polvo Contribuye a la Seguridad Alimentaria en Zonas Rurales<\/h3>\n    <p>Este art\u00edculo explora el papel de la leche en polvo en la mejora de la seguridad alimentaria.<\/p>\n    <a href=\"https:\/\/stategridargentina.com\/web\/como-la-leche-en-polvo-contribuye-a-la-seguridad-alimentaria-en-zonas-rurales\/\">Leer M\u00e1s<\/a>\n  <\/div>\n\n  <!-- 1 (m\u00e1s vieja) -->\n  <div class=\"noticia-inner\">\n    <img decoding=\"async\" src=\"https:\/\/stategridargentina.com\/web\/wp-content\/uploads\/2024\/10\/n1.jpg\">\n    <h3>Diferencias entre Leche en Polvo y Leche L\u00edquida: \u00bfCu\u00e1l es la Mejor Opci\u00f3n?<\/h3>\n    <p>A continuaci\u00f3n, exploraremos sus principales diferencias, ventajas y desventajas.<\/p>\n    <a href=\"https:\/\/stategridargentina.com\/web\/diferencias-entre-leche-en-polvo-y-leche-liquida-cual-es-la-mejor-opcion\/\">Leer M\u00e1s<\/a>\n  <\/div>\n\n<\/div>\n\t\t\t\t<\/div>\n\t\t\t\t<\/div>\n\t\t\t\t\t<\/div>\n\t\t<\/div>\n\t\t\t\t\t<\/div>\n\t\t<\/section>\n\t\t\t\t<\/div>\n\t\t","protected":false},"excerpt":{"rendered":"<p>El Blog de STATE GRID ARGENTINA Nuestro blog oficial con novedades, consejos sobre la industria alimentaria y la cultura empresarial, enfocado en la producci\u00f3n y distribuci\u00f3n de alimentos para el mercado mayorista.<\/p>\n","protected":false},"author":2,"featured_media":0,"parent":0,"menu_order":0,"comment_status":"closed","ping_status":"closed","template":"","meta":{"_joinchat":[],"footnotes":""},"class_list":["post-93","page","type-page","status-publish","hentry"],"yoast_head":"<!-- This site is optimized with the Yoast SEO plugin v27.6 - https:\/\/yoast.com\/product\/yoast-seo-wordpress\/ -->\n<title>Noticias - STATE GRID ARGENTINA<\/title>\n<meta name=\"description\" content=\"Mantente informado con nuestras \u00faltimas noticias sobre productos, tendencias del sector y consejos pr\u00e1cticos. Explora nuestro blog.\" \/>\n<meta name=\"robots\" content=\"index, follow, max-snippet:-1, max-image-preview:large, max-video-preview:-1\" \/>\n<link rel=\"canonical\" href=\"https:\/\/stategridargentina.com\/web\/noticias\/\" \/>\n<meta property=\"og:locale\" content=\"es_ES\" \/>\n<meta property=\"og:type\" content=\"article\" \/>\n<meta property=\"og:title\" content=\"Noticias - STATE GRID ARGENTINA\" \/>\n<meta property=\"og:description\" content=\"Mantente informado con nuestras \u00faltimas noticias sobre productos, tendencias del sector y consejos pr\u00e1cticos. Explora nuestro blog.\" \/>\n<meta property=\"og:url\" content=\"https:\/\/stategridargentina.com\/web\/noticias\/\" \/>\n<meta property=\"og:site_name\" content=\"STATE GRID ARGENTINA\" \/>\n<meta property=\"article:modified_time\" content=\"2026-04-14T18:28:46+00:00\" \/>\n<meta property=\"og:image\" content=\"https:\/\/stategridargentina.com\/web\/wp-content\/uploads\/2026\/02\/f3.jpg\" \/>\n<meta name=\"twitter:card\" content=\"summary_large_image\" \/>\n<meta name=\"twitter:label1\" content=\"Tiempo de lectura\" \/>\n\t<meta name=\"twitter:data1\" content=\"1 minuto\" \/>\n<script type=\"application\/ld+json\" class=\"yoast-schema-graph\">{\"@context\":\"https:\\\/\\\/schema.org\",\"@graph\":[{\"@type\":\"WebPage\",\"@id\":\"https:\\\/\\\/stategridargentina.com\\\/web\\\/noticias\\\/\",\"url\":\"https:\\\/\\\/stategridargentina.com\\\/web\\\/noticias\\\/\",\"name\":\"Noticias - STATE GRID ARGENTINA\",\"isPartOf\":{\"@id\":\"https:\\\/\\\/stategridargentina.com\\\/web\\\/#website\"},\"primaryImageOfPage\":{\"@id\":\"https:\\\/\\\/stategridargentina.com\\\/web\\\/noticias\\\/#primaryimage\"},\"image\":{\"@id\":\"https:\\\/\\\/stategridargentina.com\\\/web\\\/noticias\\\/#primaryimage\"},\"thumbnailUrl\":\"https:\\\/\\\/stategridargentina.com\\\/web\\\/wp-content\\\/uploads\\\/2026\\\/02\\\/f3.jpg\",\"datePublished\":\"2023-03-09T12:54:22+00:00\",\"dateModified\":\"2026-04-14T18:28:46+00:00\",\"description\":\"Mantente informado con nuestras \u00faltimas noticias sobre productos, tendencias del sector y consejos pr\u00e1cticos. Explora nuestro blog.\",\"breadcrumb\":{\"@id\":\"https:\\\/\\\/stategridargentina.com\\\/web\\\/noticias\\\/#breadcrumb\"},\"inLanguage\":\"es\",\"potentialAction\":[{\"@type\":\"ReadAction\",\"target\":[\"https:\\\/\\\/stategridargentina.com\\\/web\\\/noticias\\\/\"]}]},{\"@type\":\"ImageObject\",\"inLanguage\":\"es\",\"@id\":\"https:\\\/\\\/stategridargentina.com\\\/web\\\/noticias\\\/#primaryimage\",\"url\":\"https:\\\/\\\/stategridargentina.com\\\/web\\\/wp-content\\\/uploads\\\/2026\\\/02\\\/f3.jpg\",\"contentUrl\":\"https:\\\/\\\/stategridargentina.com\\\/web\\\/wp-content\\\/uploads\\\/2026\\\/02\\\/f3.jpg\",\"width\":617,\"height\":330},{\"@type\":\"BreadcrumbList\",\"@id\":\"https:\\\/\\\/stategridargentina.com\\\/web\\\/noticias\\\/#breadcrumb\",\"itemListElement\":[{\"@type\":\"ListItem\",\"position\":1,\"name\":\"Portada\",\"item\":\"https:\\\/\\\/stategridargentina.com\\\/web\\\/\"},{\"@type\":\"ListItem\",\"position\":2,\"name\":\"Noticias\"}]},{\"@type\":\"WebSite\",\"@id\":\"https:\\\/\\\/stategridargentina.com\\\/web\\\/#website\",\"url\":\"https:\\\/\\\/stategridargentina.com\\\/web\\\/\",\"name\":\"STATE GRID ARGENTINA\",\"description\":\"\",\"publisher\":{\"@id\":\"https:\\\/\\\/stategridargentina.com\\\/web\\\/#organization\"},\"potentialAction\":[{\"@type\":\"SearchAction\",\"target\":{\"@type\":\"EntryPoint\",\"urlTemplate\":\"https:\\\/\\\/stategridargentina.com\\\/web\\\/?s={search_term_string}\"},\"query-input\":{\"@type\":\"PropertyValueSpecification\",\"valueRequired\":true,\"valueName\":\"search_term_string\"}}],\"inLanguage\":\"es\"},{\"@type\":\"Organization\",\"@id\":\"https:\\\/\\\/stategridargentina.com\\\/web\\\/#organization\",\"name\":\"STATE GRID ARGENTINA\",\"url\":\"https:\\\/\\\/stategridargentina.com\\\/web\\\/\",\"logo\":{\"@type\":\"ImageObject\",\"inLanguage\":\"es\",\"@id\":\"https:\\\/\\\/stategridargentina.com\\\/web\\\/#\\\/schema\\\/logo\\\/image\\\/\",\"url\":\"https:\\\/\\\/stategridargentina.com\\\/web\\\/wp-content\\\/uploads\\\/2024\\\/12\\\/cropped-LOGO-VERDE.png\",\"contentUrl\":\"https:\\\/\\\/stategridargentina.com\\\/web\\\/wp-content\\\/uploads\\\/2024\\\/12\\\/cropped-LOGO-VERDE.png\",\"width\":1085,\"height\":265,\"caption\":\"STATE GRID ARGENTINA\"},\"image\":{\"@id\":\"https:\\\/\\\/stategridargentina.com\\\/web\\\/#\\\/schema\\\/logo\\\/image\\\/\"}}]}<\/script>\n<!-- \/ Yoast SEO plugin. -->","yoast_head_json":{"title":"Noticias - STATE GRID ARGENTINA","description":"Mantente informado con nuestras \u00faltimas noticias sobre productos, tendencias del sector y consejos pr\u00e1cticos. Explora nuestro blog.","robots":{"index":"index","follow":"follow","max-snippet":"max-snippet:-1","max-image-preview":"max-image-preview:large","max-video-preview":"max-video-preview:-1"},"canonical":"https:\/\/stategridargentina.com\/web\/noticias\/","og_locale":"es_ES","og_type":"article","og_title":"Noticias - STATE GRID ARGENTINA","og_description":"Mantente informado con nuestras \u00faltimas noticias sobre productos, tendencias del sector y consejos pr\u00e1cticos. Explora nuestro blog.","og_url":"https:\/\/stategridargentina.com\/web\/noticias\/","og_site_name":"STATE GRID ARGENTINA","article_modified_time":"2026-04-14T18:28:46+00:00","og_image":[{"url":"https:\/\/stategridargentina.com\/web\/wp-content\/uploads\/2026\/02\/f3.jpg","type":"","width":"","height":""}],"twitter_card":"summary_large_image","twitter_misc":{"Tiempo de lectura":"1 minuto"},"schema":{"@context":"https:\/\/schema.org","@graph":[{"@type":"WebPage","@id":"https:\/\/stategridargentina.com\/web\/noticias\/","url":"https:\/\/stategridargentina.com\/web\/noticias\/","name":"Noticias - STATE GRID ARGENTINA","isPartOf":{"@id":"https:\/\/stategridargentina.com\/web\/#website"},"primaryImageOfPage":{"@id":"https:\/\/stategridargentina.com\/web\/noticias\/#primaryimage"},"image":{"@id":"https:\/\/stategridargentina.com\/web\/noticias\/#primaryimage"},"thumbnailUrl":"https:\/\/stategridargentina.com\/web\/wp-content\/uploads\/2026\/02\/f3.jpg","datePublished":"2023-03-09T12:54:22+00:00","dateModified":"2026-04-14T18:28:46+00:00","description":"Mantente informado con nuestras \u00faltimas noticias sobre productos, tendencias del sector y consejos pr\u00e1cticos. Explora nuestro blog.","breadcrumb":{"@id":"https:\/\/stategridargentina.com\/web\/noticias\/#breadcrumb"},"inLanguage":"es","potentialAction":[{"@type":"ReadAction","target":["https:\/\/stategridargentina.com\/web\/noticias\/"]}]},{"@type":"ImageObject","inLanguage":"es","@id":"https:\/\/stategridargentina.com\/web\/noticias\/#primaryimage","url":"https:\/\/stategridargentina.com\/web\/wp-content\/uploads\/2026\/02\/f3.jpg","contentUrl":"https:\/\/stategridargentina.com\/web\/wp-content\/uploads\/2026\/02\/f3.jpg","width":617,"height":330},{"@type":"BreadcrumbList","@id":"https:\/\/stategridargentina.com\/web\/noticias\/#breadcrumb","itemListElement":[{"@type":"ListItem","position":1,"name":"Portada","item":"https:\/\/stategridargentina.com\/web\/"},{"@type":"ListItem","position":2,"name":"Noticias"}]},{"@type":"WebSite","@id":"https:\/\/stategridargentina.com\/web\/#website","url":"https:\/\/stategridargentina.com\/web\/","name":"STATE GRID ARGENTINA","description":"","publisher":{"@id":"https:\/\/stategridargentina.com\/web\/#organization"},"potentialAction":[{"@type":"SearchAction","target":{"@type":"EntryPoint","urlTemplate":"https:\/\/stategridargentina.com\/web\/?s={search_term_string}"},"query-input":{"@type":"PropertyValueSpecification","valueRequired":true,"valueName":"search_term_string"}}],"inLanguage":"es"},{"@type":"Organization","@id":"https:\/\/stategridargentina.com\/web\/#organization","name":"STATE GRID ARGENTINA","url":"https:\/\/stategridargentina.com\/web\/","logo":{"@type":"ImageObject","inLanguage":"es","@id":"https:\/\/stategridargentina.com\/web\/#\/schema\/logo\/image\/","url":"https:\/\/stategridargentina.com\/web\/wp-content\/uploads\/2024\/12\/cropped-LOGO-VERDE.png","contentUrl":"https:\/\/stategridargentina.com\/web\/wp-content\/uploads\/2024\/12\/cropped-LOGO-VERDE.png","width":1085,"height":265,"caption":"STATE GRID ARGENTINA"},"image":{"@id":"https:\/\/stategridargentina.com\/web\/#\/schema\/logo\/image\/"}}]}},"_links":{"self":[{"href":"https:\/\/stategridargentina.com\/web\/wp-json\/wp\/v2\/pages\/93","targetHints":{"allow":["GET"]}}],"collection":[{"href":"https:\/\/stategridargentina.com\/web\/wp-json\/wp\/v2\/pages"}],"about":[{"href":"https:\/\/stategridargentina.com\/web\/wp-json\/wp\/v2\/types\/page"}],"author":[{"embeddable":true,"href":"https:\/\/stategridargentina.com\/web\/wp-json\/wp\/v2\/users\/2"}],"replies":[{"embeddable":true,"href":"https:\/\/stategridargentina.com\/web\/wp-json\/wp\/v2\/comments?post=93"}],"version-history":[{"count":12,"href":"https:\/\/stategridargentina.com\/web\/wp-json\/wp\/v2\/pages\/93\/revisions"}],"predecessor-version":[{"id":988492,"href":"https:\/\/stategridargentina.com\/web\/wp-json\/wp\/v2\/pages\/93\/revisions\/988492"}],"wp:attachment":[{"href":"https:\/\/stategridargentina.com\/web\/wp-json\/wp\/v2\/media?parent=93"}],"curies":[{"name":"wp","href":"https:\/\/api.w.org\/{rel}","templated":true}]}}