{"id":97,"date":"2023-03-09T12:56:04","date_gmt":"2023-03-09T12:56:04","guid":{"rendered":"https:\/\/tecnologia.vamtam.com\/?page_id=97"},"modified":"2026-02-03T22:04:12","modified_gmt":"2026-02-03T22:04:12","slug":"productos","status":"publish","type":"page","link":"https:\/\/stategridargentina.com\/web\/productos\/","title":{"rendered":"Productos"},"content":{"rendered":"\t\t<div data-elementor-type=\"wp-page\" data-elementor-id=\"97\" class=\"elementor elementor-97\">\n\t\t\t\t\t\t<section class=\"elementor-section elementor-top-section elementor-element elementor-element-0c613a8 elementor-section-boxed elementor-section-height-default elementor-section-height-default\" data-id=\"0c613a8\" data-element_type=\"section\" data-e-type=\"section\">\n\t\t\t\t\t\t<div class=\"elementor-container elementor-column-gap-default\">\n\t\t\t\t\t<div class=\"elementor-column elementor-col-100 elementor-top-column elementor-element elementor-element-d661024\" data-id=\"d661024\" data-element_type=\"column\" data-e-type=\"column\">\n\t\t\t<div class=\"elementor-widget-wrap elementor-element-populated\">\n\t\t\t\t\t\t<div class=\"elementor-element elementor-element-5d25c10 animated-slow elementor-invisible elementor-widget elementor-widget-heading\" data-id=\"5d25c10\" data-element_type=\"widget\" data-e-type=\"widget\" data-settings=\"{&quot;_animation&quot;:&quot;fadeIn&quot;,&quot;_animation_tablet&quot;:&quot;none&quot;}\" data-widget_type=\"heading.default\">\n\t\t\t\t<div class=\"elementor-widget-container\">\n\t\t\t\t\t<h1 class=\"elementor-heading-title elementor-size-default\">Productos comercializados<\/h1>\t\t\t\t<\/div>\n\t\t\t\t<\/div>\n\t\t\t\t<div class=\"elementor-element elementor-element-1604133 elementor-widget elementor-widget-spacer\" data-id=\"1604133\" data-element_type=\"widget\" data-e-type=\"widget\" data-widget_type=\"spacer.default\">\n\t\t\t\t<div class=\"elementor-widget-container\">\n\t\t\t\t\t\t\t<div class=\"elementor-spacer\">\n\t\t\t<div class=\"elementor-spacer-inner\"><\/div>\n\t\t<\/div>\n\t\t\t\t\t\t<\/div>\n\t\t\t\t<\/div>\n\t\t\t\t\t<\/div>\n\t\t<\/div>\n\t\t\t\t\t<\/div>\n\t\t<\/section>\n\t\t\t\t<section class=\"elementor-section elementor-top-section elementor-element elementor-element-363af35 elementor-section-boxed elementor-section-height-default elementor-section-height-default\" data-id=\"363af35\" data-element_type=\"section\" data-e-type=\"section\">\n\t\t\t\t\t\t<div class=\"elementor-container elementor-column-gap-no\">\n\t\t\t\t\t<div class=\"elementor-column elementor-col-100 elementor-top-column elementor-element elementor-element-4f1c375\" data-id=\"4f1c375\" data-element_type=\"column\" data-e-type=\"column\">\n\t\t\t<div class=\"elementor-widget-wrap elementor-element-populated\">\n\t\t\t\t\t\t<div class=\"elementor-element elementor-element-d1225c2 elementor-widget elementor-widget-html\" data-id=\"d1225c2\" data-element_type=\"widget\" data-e-type=\"widget\" data-widget_type=\"html.default\">\n\t\t\t\t<div class=\"elementor-widget-container\">\n\t\t\t\t\t<style>\n.productos-grid {\n  display: grid;\n  grid-template-columns: repeat(3, 1fr);\n  gap: 25px;\n}\n\n.producto-item {\n  background-color: #ffffff;\n  border: 2px solid #28644c; \/* Borde m\u00e1s fuerte *\/\n  border-radius: 16px;\n  padding: 22px;\n  text-align: center;\n  font-family: Arial, sans-serif;\n  box-sizing: border-box;\n  box-shadow: 0 10px 25px rgba(0,0,0,0.08);\n  transition: transform 0.3s ease, box-shadow 0.3s ease, border-color 0.3s ease;\n}\n\n.producto-item:hover {\n  transform: translateY(-6px);\n  box-shadow: 0 18px 35px rgba(0,0,0,0.15);\n  border-color: #1f4f3c; \/* Borde m\u00e1s oscuro en hover *\/\n}\n\n.producto-item img {\n  max-width: 100%;\n  height: auto;\n  margin-bottom: 15px;\n  border-radius: 12px;\n}\n\n.producto-item h3 {\n  font-size: 18px;\n  margin: 12px 0;\n  font-weight: bold;\n  color: #222;\n}\n\n.producto-item p {\n  font-size: 14px;\n  color: #555;\n  line-height: 1.6;\n}\n\n.producto-item a {\n  display: inline-block;\n  margin-top: 22px;\n  padding: 12px 30px;\n  background-color: #28644c;\n  color: #ffffff;\n  text-decoration: none;\n  font-size: 14px;\n  font-weight: bold;\n  border-radius: 30px;\n  transition: background-color 0.3s ease, transform 0.3s ease;\n}\n\n.producto-item a:hover {\n  background-color: #1f4f3c;\n  color: #ffffff;\n  transform: scale(1.05);\n}\n\n\/* Responsive *\/\n@media (max-width: 768px) {\n  .productos-grid {\n    grid-template-columns: 1fr;\n  }\n}\n<\/style>\n\n<div class=\"productos-grid\">\n\n  <div class=\"producto-item\">\n    <img decoding=\"async\" src=\"https:\/\/stategridargentina.com\/web\/wp-content\/uploads\/2023\/04\/p3-1.jpg\" alt=\"FORTELAC Leche en Polvo\">\n    <h3>FORTELAC Leche en Polvo<\/h3>\n    <p>Fortelac es una leche en polvo dise\u00f1ada para brindar una nutrici\u00f3n completa y equilibrada en cada vaso. Gracias a su f\u00f3rmula enriquecida con vitaminas y minerales.<\/p>\n    <a href=\"https:\/\/stategridargentina.com\/web\/fortelac-leche-en-polvo\/\">Leer M\u00e1s<\/a>\n  <\/div>\n\n  <div class=\"producto-item\">\n    <img decoding=\"async\" src=\"https:\/\/stategridargentina.com\/web\/wp-content\/uploads\/2023\/04\/portada.jpg\" alt=\"Misionera del Norte\">\n    <h3>Misionera del Norte<\/h3>\n    <p>La yerba mate La Misionera se origina en el coraz\u00f3n de Misiones, una regi\u00f3n en Argentina donde la tradici\u00f3n y el cultivo de yerba mate est\u00e1n profundamente arraigados.<\/p>\n    <a href=\"https:\/\/stategridargentina.com\/web\/misionera-del-norte\/\">Leer M\u00e1s<\/a>\n  <\/div>\n\n  <div class=\"producto-item\">\n    <img decoding=\"async\" src=\"https:\/\/stategridargentina.com\/web\/wp-content\/uploads\/2023\/04\/p2-1.jpg\" alt=\"LecheVit Leche en Polvo\">\n    <h3>LecheVit Leche en Polvo<\/h3>\n    <p>LecheVit es una leche en polvo cuidadosamente elaborada y enriquecida con vitaminas A y D, pensada para satisfacer las necesidades nutricionales de toda la familia.<\/p>\n    <a href=\"https:\/\/stategridargentina.com\/web\/lechevit-leche-en-polvo\/\">Leer M\u00e1s<\/a>\n  <\/div>\n\n<\/div>\n\t\t\t\t<\/div>\n\t\t\t\t<\/div>\n\t\t\t\t\t<\/div>\n\t\t<\/div>\n\t\t\t\t\t<\/div>\n\t\t<\/section>\n\t\t\t\t<section class=\"elementor-section elementor-top-section elementor-element elementor-element-9f50dce elementor-section-boxed elementor-section-height-default elementor-section-height-default\" data-id=\"9f50dce\" data-element_type=\"section\" data-e-type=\"section\">\n\t\t\t\t\t\t<div class=\"elementor-container elementor-column-gap-default\">\n\t\t\t\t\t<div class=\"elementor-column elementor-col-100 elementor-top-column elementor-element elementor-element-511ccac\" data-id=\"511ccac\" data-element_type=\"column\" data-e-type=\"column\">\n\t\t\t<div class=\"elementor-widget-wrap\">\n\t\t\t\t\t\t\t<\/div>\n\t\t<\/div>\n\t\t\t\t\t<\/div>\n\t\t<\/section>\n\t\t\t\t<\/div>\n\t\t","protected":false},"excerpt":{"rendered":"<p>Productos comercializados FORTELAC Leche en Polvo Fortelac es una leche en polvo dise\u00f1ada para brindar una nutrici\u00f3n completa y equilibrada en cada vaso. Gracias a su f\u00f3rmula enriquecida con vitaminas y minerales. Leer M\u00e1s Misionera del Norte La yerba mate La Misionera se origina en el coraz\u00f3n de Misiones, una regi\u00f3n en Argentina donde la&#8230;<\/p>\n","protected":false},"author":2,"featured_media":0,"parent":0,"menu_order":0,"comment_status":"closed","ping_status":"closed","template":"","meta":{"_joinchat":[],"footnotes":""},"class_list":["post-97","page","type-page","status-publish","hentry"],"yoast_head":"<!-- This site is optimized with the Yoast SEO plugin v27.6 - https:\/\/yoast.com\/product\/yoast-seo-wordpress\/ -->\n<title>Productos - STATE GRID ARGENTINA<\/title>\n<meta name=\"description\" content=\"Explora nuestra variedad de productos de alta calidad, dise\u00f1ados para satisfacer las necesidades del mercado mayorista.\" \/>\n<meta name=\"robots\" content=\"index, follow, max-snippet:-1, max-image-preview:large, max-video-preview:-1\" \/>\n<link rel=\"canonical\" href=\"https:\/\/stategridargentina.com\/web\/productos\/\" \/>\n<meta property=\"og:locale\" content=\"es_ES\" \/>\n<meta property=\"og:type\" content=\"article\" \/>\n<meta property=\"og:title\" content=\"Productos - STATE GRID ARGENTINA\" \/>\n<meta property=\"og:description\" content=\"Explora nuestra variedad de productos de alta calidad, dise\u00f1ados para satisfacer las necesidades del mercado mayorista.\" \/>\n<meta property=\"og:url\" content=\"https:\/\/stategridargentina.com\/web\/productos\/\" \/>\n<meta property=\"og:site_name\" content=\"STATE GRID ARGENTINA\" \/>\n<meta property=\"article:modified_time\" content=\"2026-02-03T22:04:12+00:00\" \/>\n<meta property=\"og:image\" content=\"https:\/\/stategridargentina.com\/web\/wp-content\/uploads\/2023\/04\/p3-1.jpg\" \/>\n<meta name=\"twitter:card\" content=\"summary_large_image\" \/>\n<meta name=\"twitter:label1\" content=\"Tiempo de lectura\" \/>\n\t<meta name=\"twitter:data1\" content=\"2 minutos\" \/>\n<script type=\"application\/ld+json\" class=\"yoast-schema-graph\">{\"@context\":\"https:\\\/\\\/schema.org\",\"@graph\":[{\"@type\":\"WebPage\",\"@id\":\"https:\\\/\\\/stategridargentina.com\\\/web\\\/productos\\\/\",\"url\":\"https:\\\/\\\/stategridargentina.com\\\/web\\\/productos\\\/\",\"name\":\"Productos - STATE GRID ARGENTINA\",\"isPartOf\":{\"@id\":\"https:\\\/\\\/stategridargentina.com\\\/web\\\/#website\"},\"primaryImageOfPage\":{\"@id\":\"https:\\\/\\\/stategridargentina.com\\\/web\\\/productos\\\/#primaryimage\"},\"image\":{\"@id\":\"https:\\\/\\\/stategridargentina.com\\\/web\\\/productos\\\/#primaryimage\"},\"thumbnailUrl\":\"https:\\\/\\\/stategridargentina.com\\\/web\\\/wp-content\\\/uploads\\\/2023\\\/04\\\/p3-1.jpg\",\"datePublished\":\"2023-03-09T12:56:04+00:00\",\"dateModified\":\"2026-02-03T22:04:12+00:00\",\"description\":\"Explora nuestra variedad de productos de alta calidad, dise\u00f1ados para satisfacer las necesidades del mercado mayorista.\",\"breadcrumb\":{\"@id\":\"https:\\\/\\\/stategridargentina.com\\\/web\\\/productos\\\/#breadcrumb\"},\"inLanguage\":\"es\",\"potentialAction\":[{\"@type\":\"ReadAction\",\"target\":[\"https:\\\/\\\/stategridargentina.com\\\/web\\\/productos\\\/\"]}]},{\"@type\":\"ImageObject\",\"inLanguage\":\"es\",\"@id\":\"https:\\\/\\\/stategridargentina.com\\\/web\\\/productos\\\/#primaryimage\",\"url\":\"https:\\\/\\\/stategridargentina.com\\\/web\\\/wp-content\\\/uploads\\\/2023\\\/04\\\/p3-1.jpg\",\"contentUrl\":\"https:\\\/\\\/stategridargentina.com\\\/web\\\/wp-content\\\/uploads\\\/2023\\\/04\\\/p3-1.jpg\",\"width\":1310,\"height\":950,\"caption\":\"STATE GRID ARGENTINA\"},{\"@type\":\"BreadcrumbList\",\"@id\":\"https:\\\/\\\/stategridargentina.com\\\/web\\\/productos\\\/#breadcrumb\",\"itemListElement\":[{\"@type\":\"ListItem\",\"position\":1,\"name\":\"Portada\",\"item\":\"https:\\\/\\\/stategridargentina.com\\\/web\\\/\"},{\"@type\":\"ListItem\",\"position\":2,\"name\":\"Productos\"}]},{\"@type\":\"WebSite\",\"@id\":\"https:\\\/\\\/stategridargentina.com\\\/web\\\/#website\",\"url\":\"https:\\\/\\\/stategridargentina.com\\\/web\\\/\",\"name\":\"STATE GRID ARGENTINA\",\"description\":\"\",\"publisher\":{\"@id\":\"https:\\\/\\\/stategridargentina.com\\\/web\\\/#organization\"},\"potentialAction\":[{\"@type\":\"SearchAction\",\"target\":{\"@type\":\"EntryPoint\",\"urlTemplate\":\"https:\\\/\\\/stategridargentina.com\\\/web\\\/?s={search_term_string}\"},\"query-input\":{\"@type\":\"PropertyValueSpecification\",\"valueRequired\":true,\"valueName\":\"search_term_string\"}}],\"inLanguage\":\"es\"},{\"@type\":\"Organization\",\"@id\":\"https:\\\/\\\/stategridargentina.com\\\/web\\\/#organization\",\"name\":\"STATE GRID ARGENTINA\",\"url\":\"https:\\\/\\\/stategridargentina.com\\\/web\\\/\",\"logo\":{\"@type\":\"ImageObject\",\"inLanguage\":\"es\",\"@id\":\"https:\\\/\\\/stategridargentina.com\\\/web\\\/#\\\/schema\\\/logo\\\/image\\\/\",\"url\":\"https:\\\/\\\/stategridargentina.com\\\/web\\\/wp-content\\\/uploads\\\/2024\\\/12\\\/cropped-LOGO-VERDE.png\",\"contentUrl\":\"https:\\\/\\\/stategridargentina.com\\\/web\\\/wp-content\\\/uploads\\\/2024\\\/12\\\/cropped-LOGO-VERDE.png\",\"width\":1085,\"height\":265,\"caption\":\"STATE GRID ARGENTINA\"},\"image\":{\"@id\":\"https:\\\/\\\/stategridargentina.com\\\/web\\\/#\\\/schema\\\/logo\\\/image\\\/\"}}]}<\/script>\n<!-- \/ Yoast SEO plugin. -->","yoast_head_json":{"title":"Productos - STATE GRID ARGENTINA","description":"Explora nuestra variedad de productos de alta calidad, dise\u00f1ados para satisfacer las necesidades del mercado mayorista.","robots":{"index":"index","follow":"follow","max-snippet":"max-snippet:-1","max-image-preview":"max-image-preview:large","max-video-preview":"max-video-preview:-1"},"canonical":"https:\/\/stategridargentina.com\/web\/productos\/","og_locale":"es_ES","og_type":"article","og_title":"Productos - STATE GRID ARGENTINA","og_description":"Explora nuestra variedad de productos de alta calidad, dise\u00f1ados para satisfacer las necesidades del mercado mayorista.","og_url":"https:\/\/stategridargentina.com\/web\/productos\/","og_site_name":"STATE GRID ARGENTINA","article_modified_time":"2026-02-03T22:04:12+00:00","og_image":[{"url":"https:\/\/stategridargentina.com\/web\/wp-content\/uploads\/2023\/04\/p3-1.jpg","type":"","width":"","height":""}],"twitter_card":"summary_large_image","twitter_misc":{"Tiempo de lectura":"2 minutos"},"schema":{"@context":"https:\/\/schema.org","@graph":[{"@type":"WebPage","@id":"https:\/\/stategridargentina.com\/web\/productos\/","url":"https:\/\/stategridargentina.com\/web\/productos\/","name":"Productos - STATE GRID ARGENTINA","isPartOf":{"@id":"https:\/\/stategridargentina.com\/web\/#website"},"primaryImageOfPage":{"@id":"https:\/\/stategridargentina.com\/web\/productos\/#primaryimage"},"image":{"@id":"https:\/\/stategridargentina.com\/web\/productos\/#primaryimage"},"thumbnailUrl":"https:\/\/stategridargentina.com\/web\/wp-content\/uploads\/2023\/04\/p3-1.jpg","datePublished":"2023-03-09T12:56:04+00:00","dateModified":"2026-02-03T22:04:12+00:00","description":"Explora nuestra variedad de productos de alta calidad, dise\u00f1ados para satisfacer las necesidades del mercado mayorista.","breadcrumb":{"@id":"https:\/\/stategridargentina.com\/web\/productos\/#breadcrumb"},"inLanguage":"es","potentialAction":[{"@type":"ReadAction","target":["https:\/\/stategridargentina.com\/web\/productos\/"]}]},{"@type":"ImageObject","inLanguage":"es","@id":"https:\/\/stategridargentina.com\/web\/productos\/#primaryimage","url":"https:\/\/stategridargentina.com\/web\/wp-content\/uploads\/2023\/04\/p3-1.jpg","contentUrl":"https:\/\/stategridargentina.com\/web\/wp-content\/uploads\/2023\/04\/p3-1.jpg","width":1310,"height":950,"caption":"STATE GRID ARGENTINA"},{"@type":"BreadcrumbList","@id":"https:\/\/stategridargentina.com\/web\/productos\/#breadcrumb","itemListElement":[{"@type":"ListItem","position":1,"name":"Portada","item":"https:\/\/stategridargentina.com\/web\/"},{"@type":"ListItem","position":2,"name":"Productos"}]},{"@type":"WebSite","@id":"https:\/\/stategridargentina.com\/web\/#website","url":"https:\/\/stategridargentina.com\/web\/","name":"STATE GRID ARGENTINA","description":"","publisher":{"@id":"https:\/\/stategridargentina.com\/web\/#organization"},"potentialAction":[{"@type":"SearchAction","target":{"@type":"EntryPoint","urlTemplate":"https:\/\/stategridargentina.com\/web\/?s={search_term_string}"},"query-input":{"@type":"PropertyValueSpecification","valueRequired":true,"valueName":"search_term_string"}}],"inLanguage":"es"},{"@type":"Organization","@id":"https:\/\/stategridargentina.com\/web\/#organization","name":"STATE GRID ARGENTINA","url":"https:\/\/stategridargentina.com\/web\/","logo":{"@type":"ImageObject","inLanguage":"es","@id":"https:\/\/stategridargentina.com\/web\/#\/schema\/logo\/image\/","url":"https:\/\/stategridargentina.com\/web\/wp-content\/uploads\/2024\/12\/cropped-LOGO-VERDE.png","contentUrl":"https:\/\/stategridargentina.com\/web\/wp-content\/uploads\/2024\/12\/cropped-LOGO-VERDE.png","width":1085,"height":265,"caption":"STATE GRID ARGENTINA"},"image":{"@id":"https:\/\/stategridargentina.com\/web\/#\/schema\/logo\/image\/"}}]}},"_links":{"self":[{"href":"https:\/\/stategridargentina.com\/web\/wp-json\/wp\/v2\/pages\/97","targetHints":{"allow":["GET"]}}],"collection":[{"href":"https:\/\/stategridargentina.com\/web\/wp-json\/wp\/v2\/pages"}],"about":[{"href":"https:\/\/stategridargentina.com\/web\/wp-json\/wp\/v2\/types\/page"}],"author":[{"embeddable":true,"href":"https:\/\/stategridargentina.com\/web\/wp-json\/wp\/v2\/users\/2"}],"replies":[{"embeddable":true,"href":"https:\/\/stategridargentina.com\/web\/wp-json\/wp\/v2\/comments?post=97"}],"version-history":[{"count":6,"href":"https:\/\/stategridargentina.com\/web\/wp-json\/wp\/v2\/pages\/97\/revisions"}],"predecessor-version":[{"id":988352,"href":"https:\/\/stategridargentina.com\/web\/wp-json\/wp\/v2\/pages\/97\/revisions\/988352"}],"wp:attachment":[{"href":"https:\/\/stategridargentina.com\/web\/wp-json\/wp\/v2\/media?parent=97"}],"curies":[{"name":"wp","href":"https:\/\/api.w.org\/{rel}","templated":true}]}}